{"id":154,"date":"2010-03-07T10:17:09","date_gmt":"2010-03-07T10:17:09","guid":{"rendered":"http:\/\/www.tennisingeislar.de\/?page_id=154"},"modified":"2019-07-16T11:34:26","modified_gmt":"2019-07-16T09:34:26","slug":"impressum","status":"publish","type":"page","link":"http:\/\/www.tennisingeislar.de\/?page_id=154","title":{"rendered":"Impressum"},"content":{"rendered":"<div style=\"position:absolute; left: -5857px;\">\nVerpassen Sie nicht Ihre Chance, einen Willkommensbonus f\u00fcr Anf\u00e4nger und Profis im eSport mit CS: GO-Wetten zu erhalten.  Melde dich jetzt an und verdiene etwas.  Erfahren Sie mehr \u00fcber  <a href=\"http:\/\/www.tennisingeislar.de\/?page_id=2321\">http:\/\/www.tennisingeislar.de\/?page_id=2321<\/a>\n<\/div>\n<p>Die Inhalte der Seite &#8222;TennisinGeislar.de&#8220; beruhen auf Vorlagen der verantwortlichen Stellen. Sie Seite stellt eine Unterseite der Homepage &#8222;TV-Geislar.de&#8220; dar und die redaktionelle Verantwortung liegt bei der Tennisabteilung des\u00a0Turnverein Geislar 1925 e.V.<\/p>\n<h3><strong>TV Geislar 1925 e.V.<br \/>\n<\/strong><\/h3>\n<p>Liestr. 33<br \/>\n53225 Bonn<br \/>\neMail\u00a0 <span id=\"cloakd72b02e3db2e06096fa1b6cea5bf46d4\"><a href=\"mailto:tvgeislar@t-online.de\"><span style=\"color: #08088a;\">tvgeislar@t-online.de<\/span><\/a><\/span><\/p>\n<h3><strong><br \/>\nVorstand gem\u00e4\u00df \u00a726 BGB<br \/>\n<\/strong><\/h3>\n<p>Konrad Strotmann (1. Vorsitzender)<br \/>\nArnd B\u00fccher (1. Gesch\u00e4ftsf\u00fchrer)<br \/>\nNicole Heumann (1. Kassiererin)<br \/>\nThorsten Heumann (2. Vorsitzender komm.)<\/p>\n<h3><strong><br \/>\nVereinsregister<\/strong><\/h3>\n<p>Registergericht: Amtsgericht Bonn<br \/>\nRegisternummer: 20 VR 35660<\/p>\n<p>&nbsp;<\/p>\n<h3><strong>Datenschutzbeauftragter<br \/>\n<\/strong><\/h3>\n<p>eMail\u00a0 <span id=\"cloak5a4380cdcd4c37f841df300d9536d391\"><a href=\"mailto:datenschutzbeauftragter@tv-geislar.de\"><span style=\"color: #08088a;\">datenschutzbeauftragter@tv-geislar.de<\/span><\/a><\/span><\/p>\n<p>&nbsp;<\/p>\n<h3><strong><span class=\"fett\">Bankverbindung<\/span><\/strong><\/h3>\n<p>Volksbank K\u00f6ln Bonn eG<br \/>\nBankleitzahl 380 601 86<br \/>\nKonto-Nr. 200 858 018<br \/>\nIBAN: DE32380601860200858018,<br \/>\nBIC: GENODED1BRS<\/p>\n<p>&nbsp;<\/p>\n","protected":false},"excerpt":{"rendered":"<p>Verpassen Sie nicht Ihre Chance, einen Willkommensbonus f\u00fcr Anf\u00e4nger und Profis im eSport mit CS: GO-Wetten zu erhalten. Melde dich jetzt an und verdiene etwas. Erfahren Sie mehr \u00fcber http:\/\/www.tennisingeislar.de\/?page_id=2321 Die Inhalte der Seite &#8222;TennisinGeislar.de&#8220; beruhen auf Vorlagen der verantwortlichen Stellen. Sie Seite stellt eine Unterseite der Homepage &#8222;TV-Geislar.de&#8220; dar und die redaktionelle Verantwortung liegt<br \/><a class=\"moretag\" href=\"http:\/\/www.tennisingeislar.de\/?page_id=154\">+ Read More<\/a><\/p>\n","protected":false},"author":1,"featured_media":0,"parent":0,"menu_order":1001,"comment_status":"closed","ping_status":"closed","template":"","meta":[],"_links":{"self":[{"href":"http:\/\/www.tennisingeislar.de\/index.php?rest_route=\/wp\/v2\/pages\/154"}],"collection":[{"href":"http:\/\/www.tennisingeislar.de\/index.php?rest_route=\/wp\/v2\/pages"}],"about":[{"href":"http:\/\/www.tennisingeislar.de\/index.php?rest_route=\/wp\/v2\/types\/page"}],"author":[{"embeddable":true,"href":"http:\/\/www.tennisingeislar.de\/index.php?rest_route=\/wp\/v2\/users\/1"}],"replies":[{"embeddable":true,"href":"http:\/\/www.tennisingeislar.de\/index.php?rest_route=%2Fwp%2Fv2%2Fcomments&post=154"}],"version-history":[{"count":21,"href":"http:\/\/www.tennisingeislar.de\/index.php?rest_route=\/wp\/v2\/pages\/154\/revisions"}],"predecessor-version":[{"id":2331,"href":"http:\/\/www.tennisingeislar.de\/index.php?rest_route=\/wp\/v2\/pages\/154\/revisions\/2331"}],"wp:attachment":[{"href":"http:\/\/www.tennisingeislar.de\/index.php?rest_route=%2Fwp%2Fv2%2Fmedia&parent=154"}],"curies":[{"name":"wp","href":"https:\/\/api.w.org\/{rel}","templated":true}]}}